{"id":25,"date":"2025-05-26T22:29:26","date_gmt":"2025-05-26T20:29:26","guid":{"rendered":"https:\/\/test.myauswertung.de\/?page_id=25"},"modified":"2025-05-26T22:40:13","modified_gmt":"2025-05-26T20:40:13","slug":"impressum","status":"publish","type":"page","link":"https:\/\/myauswertung.de\/?page_id=25","title":{"rendered":"Impressum"},"content":{"rendered":"\t\t<div data-elementor-type=\"wp-page\" data-elementor-id=\"25\" class=\"elementor elementor-25\">\n\t\t\t\t<div class=\"elementor-element elementor-element-09e8e98 e-flex e-con-boxed e-con e-parent\" data-id=\"09e8e98\" data-element_type=\"container\">\n\t\t\t\t\t<div class=\"e-con-inner\">\n\t\t\t\t<div class=\"elementor-element elementor-element-8cdadf1 elementor-widget elementor-widget-heading\" data-id=\"8cdadf1\" data-element_type=\"widget\" data-widget_type=\"heading.default\">\n\t\t\t\t<div class=\"elementor-widget-container\">\n\t\t\t\t\t<h1 class=\"elementor-heading-title elementor-size-default\">Impressum<\/h1>\t\t\t\t<\/div>\n\t\t\t\t<\/div>\n\t\t\t\t\t<\/div>\n\t\t\t\t<\/div>\n\t\t<div class=\"elementor-element elementor-element-0bdbc63 e-flex e-con-boxed e-con e-parent\" data-id=\"0bdbc63\" data-element_type=\"container\">\n\t\t\t\t\t<div class=\"e-con-inner\">\n\t\t\t\t<div class=\"elementor-element elementor-element-5d91703 elementor-widget elementor-widget-heading\" data-id=\"5d91703\" data-element_type=\"widget\" data-widget_type=\"heading.default\">\n\t\t\t\t<div class=\"elementor-widget-container\">\n\t\t\t\t\t<h3 class=\"elementor-heading-title elementor-size-default\">Murat KARAMAN - MyAuswertung - Statistik, Auswertung und Beratung\n<\/h3>\t\t\t\t<\/div>\n\t\t\t\t<\/div>\n\t\t\t\t\t<\/div>\n\t\t\t\t<\/div>\n\t\t<div class=\"elementor-element elementor-element-fd8edf5 e-flex e-con-boxed e-con e-parent\" data-id=\"fd8edf5\" data-element_type=\"container\">\n\t\t\t\t\t<div class=\"e-con-inner\">\n\t\t\t\t<div class=\"elementor-element elementor-element-5b19b9f elementor-widget elementor-widget-text-editor\" data-id=\"5b19b9f\" data-element_type=\"widget\" data-widget_type=\"text-editor.default\">\n\t\t\t\t<div class=\"elementor-widget-container\">\n\t\t\t\t\t\t\t\t\t<p>Murat KARAMAN \u2013 MyAuswertung \u2013 Statistik, Auswertung und Beratung <br \/><a href=\"https:\/\/maps.app.goo.gl\/jqzaHBnXDUVJAUnj8\">Eylauer Stra\u00dfe 14 <\/a><br \/><a href=\"https:\/\/maps.app.goo.gl\/jqzaHBnXDUVJAUnj8\">10965 Berlin, Deutschland<\/a><\/p><p><strong>Mobil:<\/strong> +49 (0) 170 231 43 98 <br \/><strong>Inhaber:<\/strong> Murat Karaman (Dipl.-Statistiker &amp; Master of Science Statistics) <br \/><strong>E-Mail:<\/strong> info@myauswertung.de <br \/><strong>Internet:<\/strong> www.myauswertung.de <br \/><strong>Steuernummer:<\/strong> 14\/374\/02795 <br \/><strong>Finanzamt:<\/strong> Berlin \u2013 Friedrichshain \u2013 Kreuzberg<\/p><p><strong>Kleinunternehmerregelung:<\/strong> \u201eIm ausgewiesenen Rechnungsbetrag ist gem\u00e4\u00df \u00a7 19 UStG keine Umsatzsteuer enthalten.\u201c<\/p><p><strong>Haftungshinweis:<\/strong> Trotz sorgf\u00e4ltiger inhaltlicher Kontrolle \u00fcbernehmen wir keine Haftung f\u00fcr die Inhalte externer Links. <br \/>F\u00fcr den Inhalt der verlinkten Seiten sind ausschlie\u00dflich deren Betreiber verantwortlich.<\/p><p><strong>Haftung f\u00fcr Inhalt:\u00a0<\/strong>Obwohl wir uns um Aktualit\u00e4t, Vollst\u00e4ndigkeit und Richtigkeit der Inhalte unserer Internetseiten bem\u00fchen, k\u00f6nnen wir hierf\u00fcr keine Garantie \u00fcbernehmen.<br \/>Nach \u00a7 7 Absatz 1 TDG sind wir als Diensteanbieter f\u00fcr eigene Inhalte auf unseren Internetseiten nach den allgemeinen Gesetzen verantwortlich.<br \/>Eine Verpflichtung zur \u00dcberwachung \u00fcbermittelter oder gespeicherter fremder Informationen besteht jedoch nicht (\u00a7\u00a7 8-10 TDG). Sobald uns Rechtsverst\u00f6\u00dfe bekannt werden, werden wir die entsprechenden Inhalte umgehend entfernen. Eine dahingehende Haftung wird jedoch erst ab dem Zeitpunkt der Kenntnis konkreter Rechtsverletzungen \u00fcbernommen.<\/p><p><strong>Haftung f\u00fcr Links: <\/strong>Unsere Internetseiten enthalten Links auf externe Webseiten Dritter. Auf die Inhalte dieser verlinkten Webseiten haben wir keinen Einfluss. F\u00fcr die Richtigkeit der Inhalte ist immer der jeweilige Anbieter oder Betreiber verantwortlich, weshalb wir diesbez\u00fcglich keinerlei Gew\u00e4hr \u00fcbernehmen.<br \/>Die fremden Webseiten haben wir zum Zeitpunkt der Verlinkung auf m\u00f6gliche Rechtsverst\u00f6\u00dfe \u00fcberpr\u00fcft. Zum Zeitpunkt der Verlinkung waren keinerlei Rechtsverletzungen erkennbar. Eine st\u00e4ndige \u00dcberpr\u00fcfung s\u00e4mtlicher Inhalte der von uns verlinkten Seiten ohne tats\u00e4chliche Anhaltspunkte f\u00fcr einen Rechtsversto\u00df k\u00f6nnen wir nicht leisten. Falls uns Rechtsverletzungen bekannt werden, werden wir die entsprechenden Links sofort entfernen.<\/p><p><strong>Rechtswirksame Disclaimer:<\/strong> Sollten einzelne Regelungen oder Formulierungen dieses Haftungsausschlusses unwirksam sein oder werden, bleiben die \u00fcbrigen Regelungen in ihrem Inhalt und ihrer G\u00fcltigkeit hiervon unber\u00fchrt.<\/p><p><strong>Copyright:\u00a0<\/strong>Die Inhalte unserer Internetseiten sind urheberrechtlich gesch\u00fctzt. Alle Rechte sind somit\u00a0 vorbehalten.<br \/>Mit Ausnahme der angebotenen Downloads zur Verwendung in der Originalfassung verst\u00f6\u00dft die Verwendung s\u00e4mtlicher Texte und Darstellungen, auch wenn nur teilweise entnommen, ohne unsere ausdr\u00fccklich und\u00a0 vorherige schriftliche Zustimmung gegen die Bestimmungen des Urheberrechts und ist somit rechtswidrig.<br \/>Insbesondere gilt dies unter anderem auch f\u00fcr s\u00e4mtliche Verwertungsrechte wie eine Vervielf\u00e4ltigung, eine\u00a0 \u00dcbersetzung oder eine Verwendung in diversen elektronischen Systemen. Auf unserer Internetseiten befinden sich eingetragene Marken, Handelsnamen, Gebrauchsmuster und Logos in Verwendung. Sollten diese an den jeweiligen Stellen nicht als solche gekennzeichnet sein, gelten selbstverst\u00e4ndlich trotzdem die entsprechenden gesetzlichen Bestimmungen.<\/p><p><strong>Datenschutz:\u00a0<\/strong>Die Nutzung unserer Webseite ist ohne Angabe personenbezogener Daten m\u00f6glich. Soweit auf unseren Seiten personenbezogene Daten (beispielsweise Name, Anschrift, Telefon oder E-Mail-Adresse) erhoben werden, erfolgt dies, soweit m\u00f6glich, immer auf freiwilliger Basis. Diese Daten werden ohne Ihre Zustimmung nicht an Dritte weitergegeben. Wir weisen darauf hin, dass die Daten\u00fcbertragung im Internet (z.B. bei der Kommunikation per E-Mail) Sicherheitsl\u00fccken aufweisen kann. Ein l\u00fcckenloser Schutz der Daten vor dem Zugriff durch Dritte ist nicht m\u00f6glich. Der Nutzung von im Rahmen der Impressumspflicht ver\u00f6ffentlichten Kontaktdaten durch Dritte zur \u00dcbersendung von nicht ausdr\u00fccklich angeforderter Werbung und Informationsmaterialien wird hiermit ausdr\u00fccklich widersprochen. Die Betreiber der Seiten behalten sich ausdr\u00fccklich rechtliche Schritte im Falle der unverlangten Zusendung von Werbeinformationen, etwa durch Spam-Mails vor.<\/p><p><strong>Datenschutz Hinweis zu Cookies (gem\u00e4\u00df EU-Richtlinie 2002\/58\/EG): <\/strong>Diese Website benutzt Google Analytics, einen Webanalysedienst der Google Inc. (\u201cGoogle\u201d). Google Analytics verwendet sogenannte \u201cCookies\u201d, Textdateien, die auf Ihrem Computer gespeichert werden und die eine Analyse der Benutzung der Website durch Sie erm\u00f6glicht. Die durch den Cookie erzeugten Informationen \u00fcber Ihre Benutzung diese Website (einschlie\u00dflich Ihrer IP-Adresse) wird an einen Server der Google Inc. in den USA \u00fcbertragen und dort gespeichert. Google wird diese Informationen benutzen, um Ihre Nutzung der Website auszuwerten, um Reports \u00fcber die Websiteaktivit\u00e4ten f\u00fcr den Websitebetreiber zusammenzustellen und um weitere mit der Websitenutzung und der Internetnutzung verbundene Dienstleistungen zu erbringen. Auch wird Google diese Informationen gegebenenfalls an Dritte \u00fcbertragen, sofern dies gesetzlich vorgeschrieben oder soweit Dritte diese Daten im Auftrag von Google verarbeiten. Google wird in keinem Fall Ihre IP-Adresse mit anderen Daten der Google Inc. in Verbindung bringen. Sie k\u00f6nnen die Installation der Cookies durch eine entsprechende Einstellung Ihrer Browser Software verhindern; wir weisen Sie jedoch darauf hin, dass Sie in diesem Fall gegebenenfalls nicht s\u00e4mtliche Funktionen dieser Website in vollem Umfang nutzen k\u00f6nnen. Durch die Nutzung dieser Website erkl\u00e4ren Sie sich mit der Bearbeitung der \u00fcber Sie erhobenen Daten durch Google in der zuvor beschriebenen Art und Weise und zu dem zuvor benannten Zweck einverstanden.<\/p>\t\t\t\t\t\t\t\t<\/div>\n\t\t\t\t<\/div>\n\t\t\t\t\t<\/div>\n\t\t\t\t<\/div>\n\t\t\t\t<\/div>\n\t\t","protected":false},"excerpt":{"rendered":"<p>Impressum Murat KARAMAN &#8211; MyAuswertung &#8211; Statistik, Auswertung und Beratung Murat KARAMAN \u2013 MyAuswertung \u2013 Statistik, Auswertung und Beratung Eylauer Stra\u00dfe 14 10965 Berlin, Deutschland Mobil: +49 (0) 170 231 43 98 Inhaber: Murat Karaman (Dipl.-Statistiker &amp; Master of Science Statistics) E-Mail: info@myauswertung.de Internet: www.myauswertung.de Steuernummer: 14\/374\/02795 Finanzamt: Berlin \u2013 Friedrichshain \u2013 Kreuzberg Kleinunternehmerregelung: \u201eIm [&hellip;]<\/p>\n","protected":false},"author":1,"featured_media":0,"parent":0,"menu_order":0,"comment_status":"closed","ping_status":"closed","template":"","meta":{"footnotes":""},"class_list":["post-25","page","type-page","status-publish","hentry","entry"],"_links":{"self":[{"href":"https:\/\/myauswertung.de\/index.php?rest_route=\/wp\/v2\/pages\/25","targetHints":{"allow":["GET"]}}],"collection":[{"href":"https:\/\/myauswertung.de\/index.php?rest_route=\/wp\/v2\/pages"}],"about":[{"href":"https:\/\/myauswertung.de\/index.php?rest_route=\/wp\/v2\/types\/page"}],"author":[{"embeddable":true,"href":"https:\/\/myauswertung.de\/index.php?rest_route=\/wp\/v2\/users\/1"}],"replies":[{"embeddable":true,"href":"https:\/\/myauswertung.de\/index.php?rest_route=%2Fwp%2Fv2%2Fcomments&post=25"}],"version-history":[{"count":0,"href":"https:\/\/myauswertung.de\/index.php?rest_route=\/wp\/v2\/pages\/25\/revisions"}],"wp:attachment":[{"href":"https:\/\/myauswertung.de\/index.php?rest_route=%2Fwp%2Fv2%2Fmedia&parent=25"}],"curies":[{"name":"wp","href":"https:\/\/api.w.org\/{rel}","templated":true}]}}