{"id":20,"date":"2025-05-26T22:04:28","date_gmt":"2025-05-26T20:04:28","guid":{"rendered":"https:\/\/test.myauswertung.de\/?page_id=20"},"modified":"2025-05-27T16:08:23","modified_gmt":"2025-05-27T14:08:23","slug":"dienstleistungen","status":"publish","type":"page","link":"https:\/\/myauswertung.de\/?page_id=20","title":{"rendered":"Dienstleistungen"},"content":{"rendered":"\t\t<div data-elementor-type=\"wp-page\" data-elementor-id=\"20\" class=\"elementor elementor-20\">\n\t\t\t\t<div class=\"elementor-element elementor-element-a81a7b6 e-flex e-con-boxed e-con e-parent\" data-id=\"a81a7b6\" data-element_type=\"container\">\n\t\t\t\t\t<div class=\"e-con-inner\">\n\t\t\t\t<div class=\"elementor-element elementor-element-c30fa82 elementor-widget elementor-widget-heading\" data-id=\"c30fa82\" data-element_type=\"widget\" data-widget_type=\"heading.default\">\n\t\t\t\t<div class=\"elementor-widget-container\">\n\t\t\t\t\t<h1 class=\"elementor-heading-title elementor-size-default\">Dienstleistung<\/h1>\t\t\t\t<\/div>\n\t\t\t\t<\/div>\n\t\t\t\t\t<\/div>\n\t\t\t\t<\/div>\n\t\t<div class=\"elementor-element elementor-element-45d68ae e-flex e-con-boxed e-con e-parent\" data-id=\"45d68ae\" data-element_type=\"container\">\n\t\t\t\t\t<div class=\"e-con-inner\">\n\t\t\t\t<div class=\"elementor-element elementor-element-8e896a5 elementor-widget elementor-widget-text-editor\" data-id=\"8e896a5\" data-element_type=\"widget\" data-widget_type=\"text-editor.default\">\n\t\t\t\t<div class=\"elementor-widget-container\">\n\t\t\t\t\t\t\t\t\t<p>Sie m\u00f6chten Daten erheben und wissen nicht, wie das Design aussehen soll? Oder Sie haben Probleme bei der statistischen Auswertung Ihrer Daten? Hierbei haben wir im speziellen Erfahrungen mit Studenten, \u00c4rzten und Unternehmen. Als Agentur f\u00fcr statistische Auswertung und Beratung bieten wir folgende Dienstleistungen an:<\/p>\t\t\t\t\t\t\t\t<\/div>\n\t\t\t\t<\/div>\n\t\t\t\t\t<\/div>\n\t\t\t\t<\/div>\n\t\t<div class=\"elementor-element elementor-element-718840d e-flex e-con-boxed e-con e-parent\" data-id=\"718840d\" data-element_type=\"container\">\n\t\t\t\t\t<div class=\"e-con-inner\">\n\t\t\t\t<div class=\"elementor-element elementor-element-868444a elementor-widget elementor-widget-heading\" data-id=\"868444a\" data-element_type=\"widget\" data-widget_type=\"heading.default\">\n\t\t\t\t<div class=\"elementor-widget-container\">\n\t\t\t\t\t<h3 class=\"elementor-heading-title elementor-size-default\">Beratung \/ Consulting \/ Coaching (Hilfe beim Datenauswertungsprozess)\n<\/h3>\t\t\t\t<\/div>\n\t\t\t\t<\/div>\n\t\t\t\t\t<\/div>\n\t\t\t\t<\/div>\n\t\t<div class=\"elementor-element elementor-element-bf2188b e-flex e-con-boxed e-con e-parent\" data-id=\"bf2188b\" data-element_type=\"container\">\n\t\t\t\t\t<div class=\"e-con-inner\">\n\t\t\t\t<div class=\"elementor-element elementor-element-4f81573 elementor-widget elementor-widget-text-editor\" data-id=\"4f81573\" data-element_type=\"widget\" data-widget_type=\"text-editor.default\">\n\t\t\t\t<div class=\"elementor-widget-container\">\n\t\t\t\t\t\t\t\t\t<p>Wie soll der Fragebogen aussehen? Wie soll die Umfrage durchgef\u00fchrt werden? Welches Auswertungsdesign und welche statistischen Methoden kommen in Frage? Welche Ergebnisse sind f\u00fcr uns interessant? Wie werden die Ergebnisse in den Bericht bzw. in die Arbeit eingebaut? Bei der Durchf\u00fchrung qualitativer und\/oder quantitativer Erhebungen im Rahmen der empirischen Forschung kommt es wesentlich auf eine gr\u00fcndliche Vor- und Nachbereitung der Studie an. Daher erhalten Sie von uns eine passgenaue Beratung und pers\u00f6nliche Begleitung bei der Erstellung eines Gesamtkonzeptes sowie bei der anschlie\u00dfenden Datenanalyse.<\/p>\t\t\t\t\t\t\t\t<\/div>\n\t\t\t\t<\/div>\n\t\t\t\t\t<\/div>\n\t\t\t\t<\/div>\n\t\t<div class=\"elementor-element elementor-element-03d424f e-flex e-con-boxed e-con e-parent\" data-id=\"03d424f\" data-element_type=\"container\">\n\t\t\t\t\t<div class=\"e-con-inner\">\n\t\t\t\t<div class=\"elementor-element elementor-element-db6f8ac elementor-widget elementor-widget-heading\" data-id=\"db6f8ac\" data-element_type=\"widget\" data-widget_type=\"heading.default\">\n\t\t\t\t<div class=\"elementor-widget-container\">\n\t\t\t\t\t<h2 class=\"elementor-heading-title elementor-size-default\">SPSS Statistics \/ Software<\/h2>\t\t\t\t<\/div>\n\t\t\t\t<\/div>\n\t\t\t\t\t<\/div>\n\t\t\t\t<\/div>\n\t\t<div class=\"elementor-element elementor-element-582f76b e-flex e-con-boxed e-con e-parent\" data-id=\"582f76b\" data-element_type=\"container\">\n\t\t\t\t\t<div class=\"e-con-inner\">\n\t\t\t\t<div class=\"elementor-element elementor-element-4c86424 elementor-widget elementor-widget-text-editor\" data-id=\"4c86424\" data-element_type=\"widget\" data-widget_type=\"text-editor.default\">\n\t\t\t\t<div class=\"elementor-widget-container\">\n\t\t\t\t\t\t\t\t\t<p>Die Software SPSS Statistics ist ein Programmpaket zur statistischen Datenauswertung. F\u00fcr eine fachgerechte Anwendung sind neben guten Statistikkenntnissen aber auch Erfahrungen im Umgang mit anderen Software-Programmen erforderlich. Wir beraten, coachen und schulen Sie hierf\u00fcr in SPSS Statistics, STATA, SAS, SmartPLS, PSPP, R-Gui, Excel, Access u.v.a.<\/p>\t\t\t\t\t\t\t\t<\/div>\n\t\t\t\t<\/div>\n\t\t\t\t<div class=\"elementor-element elementor-element-792a820 elementor-widget elementor-widget-heading\" data-id=\"792a820\" data-element_type=\"widget\" data-widget_type=\"heading.default\">\n\t\t\t\t<div class=\"elementor-widget-container\">\n\t\t\t\t\t<h2 class=\"elementor-heading-title elementor-size-default\">Erhebungen<\/h2>\t\t\t\t<\/div>\n\t\t\t\t<\/div>\n\t\t\t\t\t<\/div>\n\t\t\t\t<\/div>\n\t\t<div class=\"elementor-element elementor-element-fbf29ee e-flex e-con-boxed e-con e-parent\" data-id=\"fbf29ee\" data-element_type=\"container\">\n\t\t\t\t\t<div class=\"e-con-inner\">\n\t\t\t\t<div class=\"elementor-element elementor-element-346a711 elementor-widget elementor-widget-text-editor\" data-id=\"346a711\" data-element_type=\"widget\" data-widget_type=\"text-editor.default\">\n\t\t\t\t<div class=\"elementor-widget-container\">\n\t\t\t\t\t\t\t\t\t<p>Wir bieten Ihnen gern unsere Hilfe bei der Erstellung eines qualitativen und\/oder quantitativen Fragebogens unter Beachtung statistischer Gesichtspunkte (Design, Skalierung, Hypothesen etc.) an. Im medialen Zeitalter des Internets werden Umfragen immer h\u00e4ufiger auch im Internet durchgef\u00fchrt; gern beraten wir Sie bei der Gestaltung ihrer Online-Befragung. Sie k\u00f6nnen bei Bedarf auch auf unsere (Online-)Datenbanken zugreifen.<\/p>\t\t\t\t\t\t\t\t<\/div>\n\t\t\t\t<\/div>\n\t\t\t\t\t<\/div>\n\t\t\t\t<\/div>\n\t\t<div class=\"elementor-element elementor-element-0c023aa e-flex e-con-boxed e-con e-parent\" data-id=\"0c023aa\" data-element_type=\"container\">\n\t\t\t\t\t<div class=\"e-con-inner\">\n\t\t\t\t<div class=\"elementor-element elementor-element-90a2f38 elementor-widget elementor-widget-heading\" data-id=\"90a2f38\" data-element_type=\"widget\" data-widget_type=\"heading.default\">\n\t\t\t\t<div class=\"elementor-widget-container\">\n\t\t\t\t\t<h2 class=\"elementor-heading-title elementor-size-default\">Design<\/h2>\t\t\t\t<\/div>\n\t\t\t\t<\/div>\n\t\t\t\t\t<\/div>\n\t\t\t\t<\/div>\n\t\t<div class=\"elementor-element elementor-element-663962e e-flex e-con-boxed e-con e-parent\" data-id=\"663962e\" data-element_type=\"container\">\n\t\t\t\t\t<div class=\"e-con-inner\">\n\t\t\t\t<div class=\"elementor-element elementor-element-08f542f elementor-widget elementor-widget-text-editor\" data-id=\"08f542f\" data-element_type=\"widget\" data-widget_type=\"text-editor.default\">\n\t\t\t\t<div class=\"elementor-widget-container\">\n\t\t\t\t\t\t\t\t\t<p>Besonders die Formulierung von Hypothesen bzw. Fragestellungen stellt h\u00e4ufig ein gro\u00dfes Problem dar. Wir helfen Ihnen bei der richtigen Vorgehensweise und beraten Sie bei der Auswahl der ben\u00f6tigten Hypothesentests bzw. statistischen Testverfahren. Mithilfe von MS Office k\u00f6nnen Sie Tabellen, Grafiken und Diagramme erstellen: Wir zeigen Ihnen, wie Sie diese Programme zur Einbindung ihrer Ergebnisse in einen Flie\u00dftext nutzen k\u00f6nnen.<\/p>\t\t\t\t\t\t\t\t<\/div>\n\t\t\t\t<\/div>\n\t\t\t\t<div class=\"elementor-element elementor-element-c7c3370 elementor-widget elementor-widget-heading\" data-id=\"c7c3370\" data-element_type=\"widget\" data-widget_type=\"heading.default\">\n\t\t\t\t<div class=\"elementor-widget-container\">\n\t\t\t\t\t<h2 class=\"elementor-heading-title elementor-size-default\">Analyse<\/h2>\t\t\t\t<\/div>\n\t\t\t\t<\/div>\n\t\t\t\t<div class=\"elementor-element elementor-element-c7f521b elementor-widget elementor-widget-text-editor\" data-id=\"c7f521b\" data-element_type=\"widget\" data-widget_type=\"text-editor.default\">\n\t\t\t\t<div class=\"elementor-widget-container\">\n\t\t\t\t\t\t\t\t\t<p>Die statistische Datenanalyse (Datenauswertung) ist der Kernpunkt einer empirischen Studie. Hierbei gilt: Die erhobenen Daten k\u00f6nnen \u2013 entsprechend des Erkenntnisinteresses \u2013 mit- und untereinander verglichen werden und somit zahlreiche Informationen\/Erkenntnisse \u00fcber die Befragten liefern. Wir analysieren die Daten auf Ihren Wunsch hin auf alle m\u00f6glichen Signifikanzen. Auf Anfrage k\u00f6nnen Sie auch eine Einf\u00fchrung in SPSS \/ PASW Statistics erhalten, um den Prozess der Datenauswertung unter Anwendung der entsprechenden statistischen Verfahren kennen zu lernen.<\/p>\t\t\t\t\t\t\t\t<\/div>\n\t\t\t\t<\/div>\n\t\t\t\t\t<\/div>\n\t\t\t\t<\/div>\n\t\t<div class=\"elementor-element elementor-element-9b6837e e-flex e-con-boxed e-con e-parent\" data-id=\"9b6837e\" data-element_type=\"container\">\n\t\t\t\t\t<div class=\"e-con-inner\">\n\t\t\t\t<div class=\"elementor-element elementor-element-7e0ab8d elementor-widget elementor-widget-heading\" data-id=\"7e0ab8d\" data-element_type=\"widget\" data-widget_type=\"heading.default\">\n\t\t\t\t<div class=\"elementor-widget-container\">\n\t\t\t\t\t<h2 class=\"elementor-heading-title elementor-size-default\">Methoden<\/h2>\t\t\t\t<\/div>\n\t\t\t\t<\/div>\n\t\t\t\t<div class=\"elementor-element elementor-element-4fef109 elementor-widget elementor-widget-text-editor\" data-id=\"4fef109\" data-element_type=\"widget\" data-widget_type=\"text-editor.default\">\n\t\t\t\t<div class=\"elementor-widget-container\">\n\t\t\t\t\t\t\t\t\t<p>Statistische Verfahren sind sehr umfangreich und k\u00f6nnen unter Einbeziehung verschiedener Methoden angewandt werden. Wir haben daher einige aus unserem Dienstleistungsangebot f\u00fcr Sie aufgef\u00fchrt.<\/p>\t\t\t\t\t\t\t\t<\/div>\n\t\t\t\t<\/div>\n\t\t\t\t\t<\/div>\n\t\t\t\t<\/div>\n\t\t<div class=\"elementor-element elementor-element-d25e552 e-flex e-con-boxed e-con e-parent\" data-id=\"d25e552\" data-element_type=\"container\">\n\t\t\t\t\t<div class=\"e-con-inner\">\n\t\t\t\t<div class=\"elementor-element elementor-element-9ed5059 elementor-widget elementor-widget-heading\" data-id=\"9ed5059\" data-element_type=\"widget\" data-widget_type=\"heading.default\">\n\t\t\t\t<div class=\"elementor-widget-container\">\n\t\t\t\t\t<h2 class=\"elementor-heading-title elementor-size-default\">Schulungen<\/h2>\t\t\t\t<\/div>\n\t\t\t\t<\/div>\n\t\t\t\t\t<\/div>\n\t\t\t\t<\/div>\n\t\t<div class=\"elementor-element elementor-element-904be31 e-flex e-con-boxed e-con e-parent\" data-id=\"904be31\" data-element_type=\"container\">\n\t\t\t\t\t<div class=\"e-con-inner\">\n\t\t\t\t<div class=\"elementor-element elementor-element-f0ba782 elementor-widget elementor-widget-text-editor\" data-id=\"f0ba782\" data-element_type=\"widget\" data-widget_type=\"text-editor.default\">\n\t\t\t\t<div class=\"elementor-widget-container\">\n\t\t\t\t\t\t\t\t\t<p>Schulungen im Bereich statistische Auswertung, SPSS und Excel werden individuell angeboten. Bei Bedarf k\u00f6nnen Sie uns gerne ansprechen.<\/p>\t\t\t\t\t\t\t\t<\/div>\n\t\t\t\t<\/div>\n\t\t\t\t<div class=\"elementor-element elementor-element-aa81755 elementor-widget elementor-widget-heading\" data-id=\"aa81755\" data-element_type=\"widget\" data-widget_type=\"heading.default\">\n\t\t\t\t<div class=\"elementor-widget-container\">\n\t\t\t\t\t<h2 class=\"elementor-heading-title elementor-size-default\">Korrektorat\/Lektorat<\/h2>\t\t\t\t<\/div>\n\t\t\t\t<\/div>\n\t\t\t\t\t<\/div>\n\t\t\t\t<\/div>\n\t\t<div class=\"elementor-element elementor-element-8428d19 e-flex e-con-boxed e-con e-parent\" data-id=\"8428d19\" data-element_type=\"container\">\n\t\t\t\t\t<div class=\"e-con-inner\">\n\t\t\t\t<div class=\"elementor-element elementor-element-e9ab1c1 elementor-widget elementor-widget-text-editor\" data-id=\"e9ab1c1\" data-element_type=\"widget\" data-widget_type=\"text-editor.default\">\n\t\t\t\t<div class=\"elementor-widget-container\">\n\t\t\t\t\t\t\t\t\t<p>Unser Leistungsangebot umfasst auch das so genannte Korrektorat. Das bedeutet, dass Ihr Text hinsichtlich korrekter Rechtschreibung, Zeichensetzung und Grammatik gepr\u00fcft wird. Auch nehmen wir stilistische Gl\u00e4ttungen in geringem Umfang ohne Aufpreis vor. Zus\u00e4tzlich bieten wir Ihnen auf Wunsch ein umfangreiches Lektorat an, das die inhaltliche Pr\u00fcfung des Textes hinsichtlich Stimmigkeit und logischer Stringenz beinhaltet.<br \/>Nat\u00fcrlich pr\u00fcfen (Korrekturlesung) wir auch gerne den statistischen Teil (statistische Auswertung) bzw. den Inhalt auf Richtigkeit Ihrer Arbeit.<\/p>\t\t\t\t\t\t\t\t<\/div>\n\t\t\t\t<\/div>\n\t\t\t\t\t<\/div>\n\t\t\t\t<\/div>\n\t\t\t\t<\/div>\n\t\t","protected":false},"excerpt":{"rendered":"<p>Dienstleistung Sie m\u00f6chten Daten erheben und wissen nicht, wie das Design aussehen soll? Oder Sie haben Probleme bei der statistischen Auswertung Ihrer Daten? Hierbei haben wir im speziellen Erfahrungen mit Studenten, \u00c4rzten und Unternehmen. Als Agentur f\u00fcr statistische Auswertung und Beratung bieten wir folgende Dienstleistungen an: Beratung \/ Consulting \/ Coaching (Hilfe beim Datenauswertungsprozess) Wie [&hellip;]<\/p>\n","protected":false},"author":1,"featured_media":0,"parent":0,"menu_order":0,"comment_status":"closed","ping_status":"closed","template":"","meta":{"footnotes":""},"class_list":["post-20","page","type-page","status-publish","hentry","entry"],"_links":{"self":[{"href":"https:\/\/myauswertung.de\/index.php?rest_route=\/wp\/v2\/pages\/20","targetHints":{"allow":["GET"]}}],"collection":[{"href":"https:\/\/myauswertung.de\/index.php?rest_route=\/wp\/v2\/pages"}],"about":[{"href":"https:\/\/myauswertung.de\/index.php?rest_route=\/wp\/v2\/types\/page"}],"author":[{"embeddable":true,"href":"https:\/\/myauswertung.de\/index.php?rest_route=\/wp\/v2\/users\/1"}],"replies":[{"embeddable":true,"href":"https:\/\/myauswertung.de\/index.php?rest_route=%2Fwp%2Fv2%2Fcomments&post=20"}],"version-history":[{"count":0,"href":"https:\/\/myauswertung.de\/index.php?rest_route=\/wp\/v2\/pages\/20\/revisions"}],"wp:attachment":[{"href":"https:\/\/myauswertung.de\/index.php?rest_route=%2Fwp%2Fv2%2Fmedia&parent=20"}],"curies":[{"name":"wp","href":"https:\/\/api.w.org\/{rel}","templated":true}]}}