{"id":18,"date":"2025-05-26T21:15:47","date_gmt":"2025-05-26T19:15:47","guid":{"rendered":"https:\/\/test.myauswertung.de\/?page_id=18"},"modified":"2025-05-29T18:56:58","modified_gmt":"2025-05-29T16:56:58","slug":"referenzen","status":"publish","type":"page","link":"https:\/\/myauswertung.de\/?page_id=18","title":{"rendered":"Referenzen"},"content":{"rendered":"\t\t<div data-elementor-type=\"wp-page\" data-elementor-id=\"18\" class=\"elementor elementor-18\">\n\t\t\t\t<div class=\"elementor-element elementor-element-294f925 e-flex e-con-boxed e-con e-parent\" data-id=\"294f925\" data-element_type=\"container\">\n\t\t\t\t\t<div class=\"e-con-inner\">\n\t\t\t\t<div class=\"elementor-element elementor-element-f8088ef elementor-widget elementor-widget-heading\" data-id=\"f8088ef\" data-element_type=\"widget\" data-widget_type=\"heading.default\">\n\t\t\t\t<div class=\"elementor-widget-container\">\n\t\t\t\t\t<h1 class=\"elementor-heading-title elementor-size-default\">Referenzen<\/h1>\t\t\t\t<\/div>\n\t\t\t\t<\/div>\n\t\t\t\t\t<\/div>\n\t\t\t\t<\/div>\n\t\t<div class=\"elementor-element elementor-element-d246e26 e-flex e-con-boxed e-con e-parent\" data-id=\"d246e26\" data-element_type=\"container\">\n\t\t\t\t\t<div class=\"e-con-inner\">\n\t\t\t\t<div class=\"elementor-element elementor-element-a615952 elementor-widget elementor-widget-heading\" data-id=\"a615952\" data-element_type=\"widget\" data-widget_type=\"heading.default\">\n\t\t\t\t<div class=\"elementor-widget-container\">\n\t\t\t\t\t<h3 class=\"elementor-heading-title elementor-size-default\">Universit\u00e4ten, Krankenh\u00e4user und Promotionen<\/h3>\t\t\t\t<\/div>\n\t\t\t\t<\/div>\n\t\t\t\t\t<\/div>\n\t\t\t\t<\/div>\n\t\t<div class=\"elementor-element elementor-element-266fb89 e-flex e-con-boxed e-con e-parent\" data-id=\"266fb89\" data-element_type=\"container\">\n\t\t\t\t\t<div class=\"e-con-inner\">\n\t\t\t\t<div class=\"elementor-element elementor-element-c7e6b81 elementor-widget elementor-widget-text-editor\" data-id=\"c7e6b81\" data-element_type=\"widget\" data-widget_type=\"text-editor.default\">\n\t\t\t\t<div class=\"elementor-widget-container\">\n\t\t\t\t\t\t\t\t\t<p>Seit 17 Jahren wurden um die 2500 StudentInnen und Doktoranden erfolgreich unterst\u00fctzt.<\/p>\t\t\t\t\t\t\t\t<\/div>\n\t\t\t\t<\/div>\n\t\t\t\t\t<\/div>\n\t\t\t\t<\/div>\n\t\t<div class=\"elementor-element elementor-element-e2a1fc1 e-flex e-con-boxed e-con e-parent\" data-id=\"e2a1fc1\" data-element_type=\"container\">\n\t\t\t\t\t<div class=\"e-con-inner\">\n\t\t\t\t<div class=\"elementor-element elementor-element-10f8b17 elementor-widget elementor-widget-heading\" data-id=\"10f8b17\" data-element_type=\"widget\" data-widget_type=\"heading.default\">\n\t\t\t\t<div class=\"elementor-widget-container\">\n\t\t\t\t\t<h3 class=\"elementor-heading-title elementor-size-default\">Konzerne<\/h3>\t\t\t\t<\/div>\n\t\t\t\t<\/div>\n\t\t\t\t\t<\/div>\n\t\t\t\t<\/div>\n\t\t<div class=\"elementor-element elementor-element-0154d44 e-flex e-con-boxed e-con e-parent\" data-id=\"0154d44\" data-element_type=\"container\">\n\t\t\t\t\t<div class=\"e-con-inner\">\n\t\t\t\t<div class=\"elementor-element elementor-element-800acf4 elementor-widget elementor-widget-text-editor\" data-id=\"800acf4\" data-element_type=\"widget\" data-widget_type=\"text-editor.default\">\n\t\t\t\t<div class=\"elementor-widget-container\">\n\t\t\t\t\t\t\t\t\t<ul><li>Allianz Asset Management AG<\/li><li>BERLIN CHEMIE AG<\/li><li>BMW Deutschland<\/li><li>Coca-Cola GmbH<\/li><li>Deutsche Telekom: Telekom<\/li><li>Deutsche Telekom: T-Mobile<\/li><li>ImmobilienScout24 GmbH<\/li><li>McFit GmbH<\/li><li>Mercedes-Benz Vertriebsges. GmbH<\/li><li>Rohde &amp; Schwarz Deutschland<\/li><li>Porsche Deutschland<\/li><li>Schering AG<\/li><li>Siemens Deutschland<\/li><li>T\u00dcV Rheinland<\/li><li>Volkswagen Deutschland<\/li><li>Voith<\/li><\/ul>\t\t\t\t\t\t\t\t<\/div>\n\t\t\t\t<\/div>\n\t\t\t\t\t<\/div>\n\t\t\t\t<\/div>\n\t\t<div class=\"elementor-element elementor-element-3f555cc e-flex e-con-boxed e-con e-parent\" data-id=\"3f555cc\" data-element_type=\"container\">\n\t\t\t\t\t<div class=\"e-con-inner\">\n\t\t\t\t<div class=\"elementor-element elementor-element-14d4b16 elementor-widget elementor-widget-heading\" data-id=\"14d4b16\" data-element_type=\"widget\" data-widget_type=\"heading.default\">\n\t\t\t\t<div class=\"elementor-widget-container\">\n\t\t\t\t\t<h3 class=\"elementor-heading-title elementor-size-default\">Kliniken &amp; Gesundheitswesen<\/h3>\t\t\t\t<\/div>\n\t\t\t\t<\/div>\n\t\t\t\t\t<\/div>\n\t\t\t\t<\/div>\n\t\t<div class=\"elementor-element elementor-element-6b3980e e-flex e-con-boxed e-con e-parent\" data-id=\"6b3980e\" data-element_type=\"container\">\n\t\t\t\t\t<div class=\"e-con-inner\">\n\t\t\t\t<div class=\"elementor-element elementor-element-c2f720f elementor-widget elementor-widget-text-editor\" data-id=\"c2f720f\" data-element_type=\"widget\" data-widget_type=\"text-editor.default\">\n\t\t\t\t<div class=\"elementor-widget-container\">\n\t\t\t\t\t\t\t\t\t<ul><li class=\"r\">Charite &#8211; diverse Abteilungen als akkredit. Statistiker<\/li><li class=\"r\">Augen Zentrum J\u00fclich<\/li><li class=\"r\">Augenklinik Wittenbergplatz Berlin<\/li><li class=\"r\"><span class=\"st\">Kinderklinik Bellevue &#8211; Fachklinik f\u00fcr p\u00e4diatrische\u00a0Allergologie, Dermatologie und\u00a0Pneumologie<\/span><\/li><li class=\"r\"><span class=\"st\">Capio MVZ Klinik im Park<\/span><\/li><li>Charit\u00e9\u00a0&#8211; Universit\u00e4tsmedizin Berlin\u00a0in vielen Bereichen<\/li><li class=\"r\">Fachpraxis f\u00fcr Kieferorthop\u00e4die und CMD \u2013 Berlin<\/li><li class=\"r\">HELIOS Kliniken<\/li><li class=\"r\">HFR Freiburg \u2013 Kantonsspital<\/li><li class=\"r\">Harzklinikum: Klinik f\u00fcr An\u00e4sthesiologie und Intensivmedizin<\/li><li class=\"r\">Institut f\u00fcr Zahn-, Mund- und Kieferheilkunde, Charit\u00e9 \u2013 Universit\u00e4tsmedizin Berlin<\/li><li class=\"r\">Kardiologie am Immanuel Klinikum Bernau Herzzentrum Brandenburg<\/li><li class=\"r\">Klinik f\u00fcr Augenheilkunde, Charit\u00e9 \u2013 Universit\u00e4tsmedizin Berlin<\/li><li class=\"r\">Klinik f\u00fcr Gyn\u00e4kologie mit Zentrum f\u00fcr onkologische Chirurgie, Charit\u00e9 \u2013 Universit\u00e4tsmedizin Berlin<\/li><li class=\"r\">Klinik f\u00fcr Thorax-, Herz- und Gef\u00e4\u00dfchirurgie, RWTH Aachen<\/li><li>Klinik und Poliklinik f\u00fcr Mund-, Kiefer-, und Gesichtschirurgie &#8211; Klinikum rechts der Isar, Technische Universit\u00e4t M\u00fcnchen<\/li><li>Klinikum Charit\u00e9 Zentrum 12 Med. Klinik Abteilung Infektiologie und Pulmologie<\/li><li>Klinik f\u00fcr P\u00e4diatrie mit Schwerpunkt Pneumologie und Immunologie<\/li><li class=\"r\">J\u00fcdisches Krankenhaus Berlin<\/li><li>Kardiologie am Immanuel Klinikum Bernau Herzzentrum Brandenburg<\/li><li>Krankenhaus Porz am Rhein<\/li><li>Kompetenznetz Herzinsuffizienz (KNHI),\u00a0Charit\u00e9 \u2013 Universit\u00e4tsmedizin Berlin<\/li><li class=\"r\">Oberhavel Gesundheitszentrum (MVZ)<\/li><li class=\"r\">Praxis f\u00fcr Zahnheilkunde &amp; Oralchirurgie<\/li><li class=\"r\">Universit\u00e4tsklinikum Erlangen Kinder- und Jugendklinik Abteilung Diabetologie und Endokrinologie<\/li><li class=\"r\">Universit\u00e4tsklinikum\u00a0<span class=\"st\">D\u00fcsseldorf<\/span><\/li><li class=\"r\">Universit\u00e4tsklinikum Halle (Saale)<\/li><li class=\"r\">Universit\u00e4tsklinikum der Ruhr-Universit\u00e4t Bochum &#8211; Johannes Wesling Klinikum Minden<\/li><li class=\"r\">Vivantes \u2013 Netzwerk f\u00fcr Gesundheit GmbH<\/li><li class=\"r\">Vivantes Klinikum Am Urban<\/li><li class=\"r\">Zahnarztpraxis in Rudow<\/li><\/ul>\t\t\t\t\t\t\t\t<\/div>\n\t\t\t\t<\/div>\n\t\t\t\t\t<\/div>\n\t\t\t\t<\/div>\n\t\t<div class=\"elementor-element elementor-element-28ad524 e-flex e-con-boxed e-con e-parent\" data-id=\"28ad524\" data-element_type=\"container\">\n\t\t\t\t\t<div class=\"e-con-inner\">\n\t\t\t\t<div class=\"elementor-element elementor-element-da99065 elementor-widget elementor-widget-heading\" data-id=\"da99065\" data-element_type=\"widget\" data-widget_type=\"heading.default\">\n\t\t\t\t<div class=\"elementor-widget-container\">\n\t\t\t\t\t<h3 class=\"elementor-heading-title elementor-size-default\">Forschung<\/h3>\t\t\t\t<\/div>\n\t\t\t\t<\/div>\n\t\t\t\t\t<\/div>\n\t\t\t\t<\/div>\n\t\t<div class=\"elementor-element elementor-element-cc51baf e-flex e-con-boxed e-con e-parent\" data-id=\"cc51baf\" data-element_type=\"container\">\n\t\t\t\t\t<div class=\"e-con-inner\">\n\t\t\t\t<div class=\"elementor-element elementor-element-61c4431 elementor-widget elementor-widget-text-editor\" data-id=\"61c4431\" data-element_type=\"widget\" data-widget_type=\"text-editor.default\">\n\t\t\t\t<div class=\"elementor-widget-container\">\n\t\t\t\t\t\t\t\t\t<ul><li>consus clinicmanagement GmbB<\/li><li class=\"r\">Gesellschaft f\u00fcr Innovationsforschung und Beratung mbH<\/li><li class=\"r\"><span class=\"st\">info GmbH &#8211; Markt- und Meinungsforschung<\/span><\/li><li class=\"r\">IFM BERLIN Institut f\u00fcr Markt- und Medienforschung GmbH<\/li><li class=\"r\">LILJEBERG Research International<\/li><li class=\"r\">SAPHIR KOMPETENZ GmbH<\/li><li class=\"r\">Sasserath Munziger Plus GmbH<\/li><li class=\"r\"><span lang=\"EN-GB\">trommsdorf +dr\u00fcner <span class=\"st\">innovation + marketing consultants GmbH<\/span><\/span><\/li><\/ul>\t\t\t\t\t\t\t\t<\/div>\n\t\t\t\t<\/div>\n\t\t\t\t\t<\/div>\n\t\t\t\t<\/div>\n\t\t<div class=\"elementor-element elementor-element-a027444 e-flex e-con-boxed e-con e-parent\" data-id=\"a027444\" data-element_type=\"container\">\n\t\t\t\t\t<div class=\"e-con-inner\">\n\t\t\t\t<div class=\"elementor-element elementor-element-02bc440 elementor-widget elementor-widget-heading\" data-id=\"02bc440\" data-element_type=\"widget\" data-widget_type=\"heading.default\">\n\t\t\t\t<div class=\"elementor-widget-container\">\n\t\t\t\t\t<h3 class=\"elementor-heading-title elementor-size-default\">Diverse Einrichtungen\n\n<\/h3>\t\t\t\t<\/div>\n\t\t\t\t<\/div>\n\t\t\t\t\t<\/div>\n\t\t\t\t<\/div>\n\t\t<div class=\"elementor-element elementor-element-750d052 e-flex e-con-boxed e-con e-parent\" data-id=\"750d052\" data-element_type=\"container\">\n\t\t\t\t\t<div class=\"e-con-inner\">\n\t\t\t\t<div class=\"elementor-element elementor-element-e4942b2 elementor-widget elementor-widget-text-editor\" data-id=\"e4942b2\" data-element_type=\"widget\" data-widget_type=\"text-editor.default\">\n\t\t\t\t<div class=\"elementor-widget-container\">\n\t\t\t\t\t\t\t\t\t<ul><li class=\"r\">4C Consumer Insight GmbH<\/li><li class=\"r\">Agentur &amp; Druckerei Murr GmbH<\/li><li class=\"r\">Besser Studieren<\/li><li class=\"r\"><span lang=\"EN-GB\">bettermarks GmbH<\/span><\/li><li class=\"r\"><span lang=\"EN-GB\"><span class=\"st\">Dr. Hansj\u00f6rg K\u00fcnzel Managementberatung <\/span><\/span><\/li><li class=\"r\"><span lang=\"EN-GB\">FANKULTUR.com<\/span><\/li><li class=\"r\"><span lang=\"EN-GB\">FitBox GmbH<\/span><\/li><li class=\"r\"><span lang=\"EN-GB\">FRANKONIA GROUP<\/span><\/li><li class=\"r\"><span lang=\"EN-GB\">Gemeinde Hebertshausen<\/span><\/li><li class=\"r\">Gro\u00dfe Orangerie Schloss Charlottenburg \/ Orangerie Berlin GmbH<\/li><li class=\"r\"><span class=\"st\">G\u00fcrzenich-Orchester in K\u00f6ln<\/span><\/li><li class=\"r\">Internetradio \u2014 Online Radio \u2014 Webradio auf radio.de<\/li><li class=\"r\">Kaleidoskop Marketing-Service GmbH<\/li><li class=\"r\"><span class=\"st\">KU64<\/span><\/li><li class=\"r\"><span class=\"st\">K\u00fcmmerlein, Simon &amp; Partner Rechtsanw\u00e4lte mbB<\/span><\/li><li class=\"r\"><span lang=\"EN-GB\">Objectcode GmbH<\/span><\/li><li class=\"r\">PRIMA Holding<\/li><li class=\"r\">S\u00f6ring GmbH &#8211; innovative surgery<\/li><li class=\"r\">SPD Friedrichshain-Kreuzberg<\/li><li class=\"r\">Statistik und SPSS<\/li><li class=\"r\">Stiftung gegen Mangelern\u00e4hrung<\/li><li class=\"r\">Studeo Group<\/li><li class=\"r\">systemicsTM &#8211; Beratung und training f\u00fcr Organisationen, Fach- und F\u00fchrungskr\u00e4fte<\/li><li class=\"r\"><span lang=\"EN-GB\">Tekomedia GmbH<\/span><\/li><li class=\"r\">Tonk\u00fcnstlerverband Bayern e.V.<\/li><li class=\"r\"><span class=\"st\">T\u00fcrkische Gemeinde zu Berlin<\/span> <span class=\"st\">e.V<\/span><\/li><li class=\"r\"><span lang=\"EN-GB\">wep medical GmbH<\/span><\/li><li class=\"r\">Wissenschaftlich Arbeiten<\/li><\/ul>\t\t\t\t\t\t\t\t<\/div>\n\t\t\t\t<\/div>\n\t\t\t\t\t<\/div>\n\t\t\t\t<\/div>\n\t\t<div class=\"elementor-element elementor-element-8273e16 e-flex e-con-boxed e-con e-parent\" data-id=\"8273e16\" data-element_type=\"container\">\n\t\t\t\t\t<div class=\"e-con-inner\">\n\t\t\t\t<div class=\"elementor-element elementor-element-d27d10e elementor-widget elementor-widget-heading\" data-id=\"d27d10e\" data-element_type=\"widget\" data-widget_type=\"heading.default\">\n\t\t\t\t<div class=\"elementor-widget-container\">\n\t\t\t\t\t<h3 class=\"elementor-heading-title elementor-size-default\">Universit\u00e4t \/ Hochschule<\/h3>\t\t\t\t<\/div>\n\t\t\t\t<\/div>\n\t\t\t\t\t<\/div>\n\t\t\t\t<\/div>\n\t\t<div class=\"elementor-element elementor-element-198cbf8 e-flex e-con-boxed e-con e-parent\" data-id=\"198cbf8\" data-element_type=\"container\">\n\t\t\t\t\t<div class=\"e-con-inner\">\n\t\t\t\t<div class=\"elementor-element elementor-element-a8c3b7b elementor-widget elementor-widget-text-editor\" data-id=\"a8c3b7b\" data-element_type=\"widget\" data-widget_type=\"text-editor.default\">\n\t\t\t\t<div class=\"elementor-widget-container\">\n\t\t\t\t\t\t\t\t\t<ul><li class=\"r\">EBC Hochschule Campus Berlin<\/li><li class=\"r\"><span class=\"st\">FernUniversit\u00e4t in Hagen<\/span><\/li><li class=\"r\">Freie Universit\u00e4t Berlin<\/li><li class=\"r\"><span class=\"st\">HMKW &#8211; Hochschule f\u00fcr Medien, Kommunikation und Wirtschaft in Berlin<\/span><\/li><li class=\"r\">Hochschule f\u00fcr nachhaltige Entwicklung Eberswalde<\/li><li class=\"r\"><span class=\"st\">Humboldt-Universit\u00e4t zu Berlin <\/span><\/li><li class=\"r\">MSB Medical School Berlin \u2013 Hochschule f\u00fcr Gesundheit und Medizin<\/li><li class=\"r\"><span class=\"st\">Medizinische Hochschule Hannover<\/span><\/li><li class=\"r\">Medizinische Klinik f\u00fcr Hepatologie, Gastroenterologie und Stoffwechselerkrankungen &#8211; Klinik f\u00fcr Leber-, Gallenwegs- und Magen-Darm-Erkrankungen in Berlin<\/li><li class=\"r\">Multi-Access, Modular Services Framework, Technische Universit\u00e4t Berlin<\/li><li class=\"r\">TU Berlin: Technische Universit\u00e4t Berlin<\/li><li class=\"r\">Technische Universit\u00e4t M\u00fcnchen<\/li><li class=\"r\">Universit\u00e4t Duisburg-Essen<\/li><li class=\"r\">Universit\u00e4t Potsdam<\/li><li class=\"r\">Westf\u00e4lische Wilhelms-Universit\u00e4t M\u00fcnster<\/li><li class=\"r\">Und diverse Universit\u00e4ten von den Studenten und Doktoranden<\/li><\/ul>\t\t\t\t\t\t\t\t<\/div>\n\t\t\t\t<\/div>\n\t\t\t\t\t<\/div>\n\t\t\t\t<\/div>\n\t\t\t\t<\/div>\n\t\t","protected":false},"excerpt":{"rendered":"<p>Referenzen Universit\u00e4ten, Krankenh\u00e4user und Promotionen Seit 17 Jahren wurden um die 2500 StudentInnen und Doktoranden erfolgreich unterst\u00fctzt. Konzerne Allianz Asset Management AG BERLIN CHEMIE AG BMW Deutschland Coca-Cola GmbH Deutsche Telekom: Telekom Deutsche Telekom: T-Mobile ImmobilienScout24 GmbH McFit GmbH Mercedes-Benz Vertriebsges. GmbH Rohde &amp; Schwarz Deutschland Porsche Deutschland Schering AG Siemens Deutschland T\u00dcV Rheinland Volkswagen [&hellip;]<\/p>\n","protected":false},"author":1,"featured_media":0,"parent":0,"menu_order":0,"comment_status":"closed","ping_status":"closed","template":"","meta":{"footnotes":""},"class_list":["post-18","page","type-page","status-publish","hentry","entry"],"_links":{"self":[{"href":"https:\/\/myauswertung.de\/index.php?rest_route=\/wp\/v2\/pages\/18","targetHints":{"allow":["GET"]}}],"collection":[{"href":"https:\/\/myauswertung.de\/index.php?rest_route=\/wp\/v2\/pages"}],"about":[{"href":"https:\/\/myauswertung.de\/index.php?rest_route=\/wp\/v2\/types\/page"}],"author":[{"embeddable":true,"href":"https:\/\/myauswertung.de\/index.php?rest_route=\/wp\/v2\/users\/1"}],"replies":[{"embeddable":true,"href":"https:\/\/myauswertung.de\/index.php?rest_route=%2Fwp%2Fv2%2Fcomments&post=18"}],"version-history":[{"count":3,"href":"https:\/\/myauswertung.de\/index.php?rest_route=\/wp\/v2\/pages\/18\/revisions"}],"predecessor-version":[{"id":235,"href":"https:\/\/myauswertung.de\/index.php?rest_route=\/wp\/v2\/pages\/18\/revisions\/235"}],"wp:attachment":[{"href":"https:\/\/myauswertung.de\/index.php?rest_route=%2Fwp%2Fv2%2Fmedia&parent=18"}],"curies":[{"name":"wp","href":"https:\/\/api.w.org\/{rel}","templated":true}]}}